{"id":52,"date":"2016-03-21T13:20:06","date_gmt":"2016-03-21T13:20:06","guid":{"rendered":"http:\/\/dinescu-ing.de\/?page_id=52"},"modified":"2019-03-09T13:10:45","modified_gmt":"2019-03-09T13:10:45","slug":"impressum","status":"publish","type":"page","link":"https:\/\/dinescu-ing.de\/?page_id=52","title":{"rendered":"Impressum"},"content":{"rendered":"\n<h1>Impressum<\/h1>\n<p><strong>Ingenieurb\u00fcro Dinescu:<\/strong><\/p>\n<p><strong>Dipl.-Ing. Adrian Dinescu<\/strong><\/p>\n<p><strong>Volmerswertherstra\u00dfe 302a<\/strong><\/p>\n<p><strong>40221 D\u00fcsseldorf<\/strong><\/p>\n<p><strong>Deutschland<\/strong><\/p>\n<strong>Telefon: 0211-5694387\/88<br \/>\n<\/strong>\n<strong>Fax: 0211-5694393<br \/>\n<\/strong>\n<p><strong>E-Mail: ing.buero.dinescu@t-online.de<\/strong><\/p>\n<p><strong>USt.-Id.-Nr.: DE 183329431<\/strong><\/p>\n","protected":false},"excerpt":{"rendered":"<p>Impressum Ingenieurb\u00fcro Dinescu: Dipl.-Ing. Adrian Dinescu Volmerswertherstra\u00dfe 302a 40221 D\u00fcsseldorf Deutschland Telefon: 0211-5694387\/88 Fax: 0211-5694393 E-Mail: ing.buero.dinescu@t-online.de USt.-Id.-Nr.: DE 183329431<\/p>\n","protected":false},"author":1,"featured_media":0,"parent":0,"menu_order":0,"comment_status":"closed","ping_status":"closed","template":"full-width-page.php","meta":[],"acf":[],"_links":{"self":[{"href":"https:\/\/dinescu-ing.de\/index.php?rest_route=\/wp\/v2\/pages\/52"}],"collection":[{"href":"https:\/\/dinescu-ing.de\/index.php?rest_route=\/wp\/v2\/pages"}],"about":[{"href":"https:\/\/dinescu-ing.de\/index.php?rest_route=\/wp\/v2\/types\/page"}],"author":[{"embeddable":true,"href":"https:\/\/dinescu-ing.de\/index.php?rest_route=\/wp\/v2\/users\/1"}],"replies":[{"embeddable":true,"href":"https:\/\/dinescu-ing.de\/index.php?rest_route=%2Fwp%2Fv2%2Fcomments&post=52"}],"version-history":[{"count":13,"href":"https:\/\/dinescu-ing.de\/index.php?rest_route=\/wp\/v2\/pages\/52\/revisions"}],"predecessor-version":[{"id":155,"href":"https:\/\/dinescu-ing.de\/index.php?rest_route=\/wp\/v2\/pages\/52\/revisions\/155"}],"wp:attachment":[{"href":"https:\/\/dinescu-ing.de\/index.php?rest_route=%2Fwp%2Fv2%2Fmedia&parent=52"}],"curies":[{"name":"wp","href":"https:\/\/api.w.org\/{rel}","templated":true}]}}