{"id":50,"date":"2016-03-21T13:19:49","date_gmt":"2016-03-21T13:19:49","guid":{"rendered":"http:\/\/dinescu-ing.de\/?page_id=50"},"modified":"2017-01-04T14:42:06","modified_gmt":"2017-01-04T14:42:06","slug":"produkte","status":"publish","type":"page","link":"https:\/\/dinescu-ing.de\/?page_id=50","title":{"rendered":"Produkte"},"content":{"rendered":"<p>\t\t\t\t<img src=\"http:\/\/dinescu-ing.de\/wp-content\/uploads\/2016\/03\/ARI-205-2.jpg\" alt=\"ARI 205 2\" itemprop=\"image\"  \/><\/p>\n<p><strong>Die Stromrichter der Baureihe ARI 205\/ARI208 sind geeignet zum Betrieb von Gleichstrom- Permanent- und Nebenschlu\u00dfmotoren. Die Ger\u00e4te werden in Einbau Ausf\u00fchrung gefertigt und weisen folgende Eigenschaften aus :<\/strong><\/p>\n<p>&#8211; Nennstrom des Motors von 0 bis 4,5 Aeff, bzw. bis 8,0 Aeff<br \/>\n&#8211; Nennspannung des L\u00e4ufers von 0 bis160 Veff stufenlos einstellbar<br \/>\nEMV gerechte Ausf\u00fchrung (ARI 205\/605):<br \/>\nSt\u00f6rfestigkeit nach Fachgrundnorm 50082 Teil 2<br \/>\n&#8211; Funkentst\u00f6rwert Klasse B nach EN 55011<br \/>\n&#8211; Potentialtrennung (nur ARI 205\/605 und 208\/608)<br \/>\n&#8211; Wahlweise Betrieb mit IxR Kompensation oder Tachor\u00fcckf\u00fchrung<br \/>\n&#8211; Eistellung der Motorparameter durch DIP-Schalter, dadurch optimale Laufeigenschaften<br \/>\n&#8211; Doppelte (feine-und grobe) einstellbare Strombegrenzung von Null bis Ger\u00e4tenennstrom<br \/>\n&#8211; Einstellbare untere und obere Drehzahl Nmin und Nmax<br \/>\nHochlaufgeber linear f\u00fcr Zeiten von 0,1 &#8211; 12 sec.<br \/>\n&#8211; LED &#8211; Anzeige f\u00fcr die Betriebszust\u00e4nde des Reglers<\/p>\n<p><strong><a class=\"maxbutton-1 maxbutton maxbutton-ari-205-de\" target=\"_blank\" rel=\"noopener\" href=\"http:\/\/dinescu-ing.de\/wp-content\/uploads\/2017\/01\/ARI205605-mit-IP-65-deutsch.pdf\"><span class='mb-text'>ARI 205, 605 pdf (deutsch)<\/span><\/a>\u00a0\u00a0\u00a0 <\/strong><a class=\"maxbutton-3 maxbutton maxbutton-ari-205-en\" target=\"_blank\" rel=\"noopener\" href=\"http:\/\/dinescu-ing.de\/wp-content\/uploads\/2017\/01\/ARI205605-mit-IP-65-englisch.pdf\"><span class='mb-text'>ARI 205, 605 pdf (englisch)<\/span><\/a><\/p>\n<p><strong>Die Drehzahlregler ARI 311 und ARI 321 sind Ger\u00e4te in Europaformat, die f\u00fcr den Betrieb von Gleichstrommotoren mit einer Nennspannung von ca. 18 bis 45 VDC geeignet sind.<\/strong><\/p>\n<p><strong>Alle Ger\u00e4te sind f\u00fcr den Anschlu\u00df an eine feste Gleichspannung Vcc vorgesehen (Kl.1,2). <\/strong><\/p>\n<p><strong>Am Ausgang (Kl. 5,6) steht eine von ca. 0 bis ca. 90% der Vcc einstellbare Gleichspannung zur Verf\u00fcgung, die Feldwicklung &#8211; falls vorhanden &#8211;\u00a0 wird an Klemmen 3 und 4 angeschlossen.<\/strong><\/p>\n<p><strong>&#8211; <\/strong>Der maximale Nennstrom betr\u00e4gt 12A (ARI 311) und 22A (ARI 321).<\/p>\n<p><strong>&#8211; <\/strong>Einstellbar sind die IxR Kompensation , die Rampenzeit f\u00fcr den Hochlauf des Motors, die maximale- bzw. minimale Drehzahl und die Strombegrenzung, alle Einstellungen erfolgen mittels Einstellpotis auf der Platine. Dar\u00fcber hinaus besitzen die Ger\u00e4te eine sehr schnelle Kurzschlu\u00dfstromerfassung, d.h. die Drehzahlregler sind dadurch auch kurzschlu\u00dffest.<\/p>\n<p><strong>&#8211; <\/strong>Im Zusammenhang mit der Einschaltlogik k\u00f6nnen die Ger\u00e4te z.B. auch auf einen bestehenden Klemmenkurzschlu\u00df aufgeschaltet werden, ohne da\u00df dadurch die Regler besch\u00e4digt werden.<\/p>\n<p><strong>&#8211; <\/strong>Die Motoren k\u00f6nnen ohne Drossel im L\u00e4uferkreis mit sehr gutem Formfaktor betrieben werden, da alle Drehzahlregler mit einer IGBT-Endstufe ausgestattet sind (Taktfrequenz PWM ca. 15 KHz.)<\/p>\n<p><strong>&#8211; <\/strong>Die Sollwertart &#8211; Poti, Strom oder Spannung &#8211; kann mittels DIP-Schalter eingestellt werden.<\/p>\n<p><a class=\"maxbutton-4 maxbutton maxbutton-ari-311\" target=\"_blank\" rel=\"noopener\" href=\"http:\/\/dinescu-ing.de\/wp-content\/uploads\/2017\/01\/ARI-311.pdf\"><span class='mb-text'>ARI 311 pdf (deutsch)<\/span><\/a><strong>\u00a0\u00a0\u00a0 <\/strong><a class=\"maxbutton-5 maxbutton maxbutton-ari-321\" target=\"_blank\" rel=\"noopener\" href=\"http:\/\/dinescu-ing.de\/wp-content\/uploads\/2017\/01\/ARI-321-komplett-Farbe-neu-Versuch.pdf\"><span class='mb-text'>ARI 321 pdf (deutsch)<\/span><\/a><\/p>\n<p>\t\t\t\t<img src=\"http:\/\/dinescu-ing.de\/wp-content\/uploads\/2016\/03\/ARI-311-1.jpg\" alt=\"ARI 311 1\" itemprop=\"image\"  \/><br \/>\n\t\t\t\t<img src=\"http:\/\/dinescu-ing.de\/wp-content\/uploads\/2016\/03\/ARI-605-1.jpg\" alt=\"ARI 605 1\" itemprop=\"image\"  \/><\/p>\n<p><strong>Die Stromrichter der Baureihe ARI 605\/ARI608 sind geeignet zum Betrieb von Gleichstrom- Permanent- und Nebenschlu\u00dfmotoren. Die Ger\u00e4te werden in Geh\u00e4use- Ausf\u00fchrung mit IP 65 gefertigt und weisen folgende Eigenschaften aus :<\/strong><\/p>\n<p>&#8211; Nennstrom des Motors von 0 bis 4,5 Aeff, bzw. bis 8,0 Aeff<br \/>&#8211; Nennspannung des L\u00e4ufers von 0 bis160 Veff stufenlos einstellbar<br \/>EMV gerechte Ausf\u00fchrung (nur ARI 605):<br \/>St\u00f6rfestigkeit nach Fachgrundnorm 50082 Teil 2<br \/> &#8211; Funkentst\u00f6rwert Klasse B nach EN 55011<br \/>&#8211; Potentialtrennung (nur ARI 205\/605 und 208\/608)<br \/>&#8211; Wahlweise Betrieb mit IxR Kompensation oder Tachor\u00fcckf\u00fchrung<br \/>&#8211; Eistellung der Motorparameter durch DIP-Schalter, dadurch optimale Laufeigenschaften<br \/>&#8211; Doppelte (feine-und grobe) einstellbare Strombegrenzung von Null bis Ger\u00e4tenennstrom<br \/>&#8211; Einstellbare untere und obere Drehzahl Nmin und Nmax<br \/>Hochlaufgeber linear f\u00fcr Zeiten von 0,1 &#8211; 12 sec.<br \/>&#8211; LED &#8211; Anzeige f\u00fcr die Betriebszust\u00e4nde des Reglers<\/p>\n","protected":false},"excerpt":{"rendered":"<p>Die Stromrichter der Baureihe ARI 205\/ARI208 sind geeignet zum Betrieb von Gleichstrom- Permanent- und Nebenschlu\u00dfmotoren. Die Ger\u00e4te werden in Einbau Ausf\u00fchrung gefertigt und weisen folgende Eigenschaften aus : &#8211; Nennstrom des Motors von 0 bis 4,5 Aeff, bzw. bis 8,0 Aeff &#8211; Nennspannung des L\u00e4ufers von 0 bis160 Veff stufenlos einstellbar EMV gerechte Ausf\u00fchrung (ARI&#8230;<\/p>\n","protected":false},"author":1,"featured_media":0,"parent":0,"menu_order":0,"comment_status":"closed","ping_status":"closed","template":"full-width-page.php","meta":[],"acf":[],"_links":{"self":[{"href":"https:\/\/dinescu-ing.de\/index.php?rest_route=\/wp\/v2\/pages\/50"}],"collection":[{"href":"https:\/\/dinescu-ing.de\/index.php?rest_route=\/wp\/v2\/pages"}],"about":[{"href":"https:\/\/dinescu-ing.de\/index.php?rest_route=\/wp\/v2\/types\/page"}],"author":[{"embeddable":true,"href":"https:\/\/dinescu-ing.de\/index.php?rest_route=\/wp\/v2\/users\/1"}],"replies":[{"embeddable":true,"href":"https:\/\/dinescu-ing.de\/index.php?rest_route=%2Fwp%2Fv2%2Fcomments&post=50"}],"version-history":[{"count":11,"href":"https:\/\/dinescu-ing.de\/index.php?rest_route=\/wp\/v2\/pages\/50\/revisions"}],"predecessor-version":[{"id":123,"href":"https:\/\/dinescu-ing.de\/index.php?rest_route=\/wp\/v2\/pages\/50\/revisions\/123"}],"wp:attachment":[{"href":"https:\/\/dinescu-ing.de\/index.php?rest_route=%2Fwp%2Fv2%2Fmedia&parent=50"}],"curies":[{"name":"wp","href":"https:\/\/api.w.org\/{rel}","templated":true}]}}