{"id":46,"date":"2016-03-21T13:19:12","date_gmt":"2016-03-21T13:19:12","guid":{"rendered":"http:\/\/dinescu-ing.de\/?page_id=46"},"modified":"2019-03-09T13:02:04","modified_gmt":"2019-03-09T13:02:04","slug":"startseite","status":"publish","type":"page","link":"https:\/\/dinescu-ing.de\/","title":{"rendered":"Startseite"},"content":{"rendered":"\n\t<h1>Willkommen beim Ingenieurb\u00fcro Dinescu<\/h1>\n<p><strong>Wir\u00a0 sind in D\u00fcsseldorf seit \u00fcber 20 Jahren auf dem Gebiet der Antriebs &#8211; und Steuerungstechnik mit dem Schwerpunkt Elektronik t\u00e4tig.<\/strong><\/p>\n<p><strong>Neben bestehenden Produkten, stehen wir Ihnen gerne zur Verf\u00fcgung bei der\u00a0Verwirklichung individueller Produkte: von der Idee bis zur Fertigung.<\/strong><\/p>\n<p><strong>Antriebsl\u00f6sungen mit Ger\u00e4ten wie z.B. Stromrichter f\u00fcr Gleichstrommotoren, Frequenzumrichter \u00a0f\u00fcr Drehstrommotoren, Servoregler oder\u00a0 Zusatzelektroniken f\u00fcr Steuerfunktionen , k\u00f6nnen wir f\u00fcr Sie entsprechend Ihren Vorgaben realisieren, wobei strikt auf\u00a0 kosteng\u00fcnstige und hochwertige L\u00f6sungen Wert gelegt wird.<\/strong><\/p>\n<p><strong>F\u00fcr weitere Informationen stehen wir Ihnen gerne zur Verf\u00fcgung<\/strong><\/p>\n","protected":false},"excerpt":{"rendered":"<p>Willkommen beim Ingenieurb\u00fcro Dinescu Wir\u00a0 sind in D\u00fcsseldorf seit \u00fcber 20 Jahren auf dem Gebiet der Antriebs &#8211; und Steuerungstechnik mit dem Schwerpunkt Elektronik t\u00e4tig. Neben bestehenden Produkten, stehen wir Ihnen gerne zur Verf\u00fcgung bei der\u00a0Verwirklichung individueller Produkte: von der Idee bis zur Fertigung. Antriebsl\u00f6sungen mit Ger\u00e4ten wie z.B. Stromrichter f\u00fcr Gleichstrommotoren, Frequenzumrichter \u00a0f\u00fcr Drehstrommotoren,&#8230;<\/p>\n","protected":false},"author":1,"featured_media":0,"parent":0,"menu_order":0,"comment_status":"closed","ping_status":"closed","template":"full-width-page.php","meta":[],"acf":[],"_links":{"self":[{"href":"https:\/\/dinescu-ing.de\/index.php?rest_route=\/wp\/v2\/pages\/46"}],"collection":[{"href":"https:\/\/dinescu-ing.de\/index.php?rest_route=\/wp\/v2\/pages"}],"about":[{"href":"https:\/\/dinescu-ing.de\/index.php?rest_route=\/wp\/v2\/types\/page"}],"author":[{"embeddable":true,"href":"https:\/\/dinescu-ing.de\/index.php?rest_route=\/wp\/v2\/users\/1"}],"replies":[{"embeddable":true,"href":"https:\/\/dinescu-ing.de\/index.php?rest_route=%2Fwp%2Fv2%2Fcomments&post=46"}],"version-history":[{"count":13,"href":"https:\/\/dinescu-ing.de\/index.php?rest_route=\/wp\/v2\/pages\/46\/revisions"}],"predecessor-version":[{"id":154,"href":"https:\/\/dinescu-ing.de\/index.php?rest_route=\/wp\/v2\/pages\/46\/revisions\/154"}],"wp:attachment":[{"href":"https:\/\/dinescu-ing.de\/index.php?rest_route=%2Fwp%2Fv2%2Fmedia&parent=46"}],"curies":[{"name":"wp","href":"https:\/\/api.w.org\/{rel}","templated":true}]}}